{"id":61,"date":"2023-10-12T10:42:17","date_gmt":"2023-10-12T13:42:17","guid":{"rendered":"http:\/\/somosarea.com.ar\/?page_id=61"},"modified":"2024-04-08T19:33:54","modified_gmt":"2024-04-08T22:33:54","slug":"welcome","status":"publish","type":"page","link":"https:\/\/somosarea.com.ar\/","title":{"rendered":"welcome"},"content":{"rendered":"<p>[et_pb_section fb_built=&#8221;1&#8243; _builder_version=&#8221;4.19.5&#8243; _module_preset=&#8221;default&#8221; width=&#8221;100%&#8221; max_width=&#8221;100%&#8221; custom_margin=&#8221;0px||0px||true|false&#8221; custom_padding=&#8221;0px||0px||true|false&#8221; global_colors_info=&#8221;{}&#8221;][et_pb_row _builder_version=&#8221;4.19.5&#8243; _module_preset=&#8221;default&#8221; width=&#8221;100%&#8221; max_width=&#8221;100%&#8221; module_alignment=&#8221;center&#8221; min_height=&#8221;100%&#8221; height=&#8221;100%&#8221; custom_margin=&#8221;0px||0px||true|false&#8221; custom_padding=&#8221;0px||0px||true|false&#8221; global_colors_info=&#8221;{}&#8221;][et_pb_column type=&#8221;4_4&#8243; _builder_version=&#8221;4.19.5&#8243; _module_preset=&#8221;default&#8221; global_colors_info=&#8221;{}&#8221;][et_pb_code _builder_version=&#8221;4.19.5&#8243; _module_preset=&#8221;default&#8221; global_colors_info=&#8221;{}&#8221;]<style id=\"depicter-1-inline-pre-css\">\n\n.depicter-1:not(.depicter-ready){\n\theight:700px;\n}\n\n\/***** Tablet *****\/\n@media screen and (max-width: 1024px){\n\n.depicter-1:not(.depicter-ready){\n\theight:700px;\n}\n\n}\n\/***** Mobile *****\/\n@media screen and (max-width: 767px){\n\n.depicter-1:not(.depicter-ready){\n\theight:740px;\n}\n\n}\n<\/style>\n<div id=\"depicter-1\" class=\"depicter depicter-document depicter-revert depicter-1 depicter-layout-fullwidth\">\n\n<div class=\"depicter-loading-container depicter-loading dotStraightSwing-dark\"><div class=\"depicter-loading-dark depicter-dot-straight-swing\">\n   <span><\/span>\n   <span><\/span>\n   <span><\/span>\n<\/div><\/div>\n<div id=\"depicter-1-section-1\" class=\"depicter-section depicter-1-section-1\" data-name=\"Slide 1\">\n<video class=\"depicter-bg-video\" src=\"https:\/\/somosarea.com.ar\/wp-content\/uploads\/2024\/04\/para-web-area.mp4\" preload=\"metadata\" playsinline=\"true\" muted=\"true\" loop=\"true\" data-object-fit=\"cover,,\"><\/video>\n\n\n<picture data-animation-in=\"{'direction':'bottom','easing':'easeOutQuart','duration':1800,'movement':{'value':100,'unit':'%'},'fade':false,'type':'mask'}\" data-mobile-animation-in=\"{'direction':'bottom','easing':'easeOutQuart','duration':1800,'movement':{'value':100,'unit':'%'},'fade':false,'type':'mask'}\" id=\"depicter-1-element-5\" class=\"depicter-element depicter-layer depicter-1-element-5\" data-type=\"image\" data-wrap=\"true\" data-name=\"Image 2\" data-offset=\"x:115px;y:528px;origin:tl\" data-tablet-offset=\"x:93px;y:578px;origin:tl\" data-mobile-offset=\"x:-8px;y:45px;origin:tl\" data-width=\"1247px,1014px,429px\" data-height=\"183px,122px,62px\" data-responsive-scale=\"true,,\" data-crop=\"{'mediaSize':{'width':1247,'height':183.09126984126993420431972481310367584228515625},'focalPoint':{'x':0.5,'y':0.5}}\" data-tablet-crop=\"{'mediaSize':{'width':1015,'height':149.027777777778084100646083243191242218017578125},'focalPoint':{'x':0.5,'y':0.5}}\" data-mobile-crop=\"{'mediaSize':{'width':432.03174603174608137123868800699710845947265625,'height':63.43323255228023072049836628139019012451171875},'focalPoint':{'x':0.5,'y':0.5}}\"><img decoding=\"async\" src=\"data:image\/gif;base64,R0lGODlhAQABAIAAAAAAAP\/\/\/yH5BAEAAAAALAAAAAABAAEAAAIBRAA7\" data-depicter-src=\"https:\/\/somosarea.com.ar\/wp-content\/uploads\/2023\/10\/AREA-amoblamientos.svg\" alt=\"\" \/>\n<\/picture>\n<picture data-animation-in=\"{'type':'moveAndTransform','params':{'direction':'left','easing':'easeOutQuart','duration':2500,'movement':0,'rotate':0,'delay':150,'rotate3d':{'x':0,'y':90},'transformOrigin':{'x':'center','y':'center','z':0},'skew':{'x':0}},'easing':'easeOutExpo','rotate3d':{'x':90},'movement':{'value':0,'unit':'px'},'duration':2500}\" data-tablet-animation-in=\"{'type':'moveAndTransform','params':{'direction':'left','easing':'easeOutQuart','duration':2500,'movement':0,'rotate':0,'delay':150,'rotate3d':{'x':0,'y':90},'transformOrigin':{'x':'center','y':'center','z':0},'skew':{'x':0}},'easing':'easeOutExpo','rotate3d':{'x':90},'movement':{'value':0,'unit':'px'},'duration':2500}\" data-mobile-animation-in=\"{'type':'moveAndTransform','params':{'direction':'left','easing':'easeOutQuart','duration':2500,'movement':0,'rotate':0,'delay':150,'rotate3d':{'x':0,'y':90},'transformOrigin':{'x':'center','y':'center','z':0},'skew':{'x':0}},'easing':'easeOutExpo','rotate3d':{'x':90},'movement':{'value':0,'unit':'px'},'duration':2500}\" id=\"depicter-1-element-19\" class=\"depicter-element depicter-layer depicter-1-element-19\" data-type=\"image\" data-wrap=\"true\" data-name=\"Image 10\" data-offset=\"x:114px;y:194px;origin:tl\" data-tablet-offset=\"x:109px;y:263px;origin:tl\" data-mobile-offset=\"x:45px;y:218px;origin:tl\" data-actions=\"[['openURL','click',0,{'path':'http:\\\/\\\/somosarea.com.ar\\\/index.php\\\/construccion\\\/','target':'_blank'}]]\" data-width=\"269px,269px,269px\" data-height=\"75px,75px,75px\" data-responsive-scale=\"true,,\" data-crop=\"{'mediaSize':{'width':269,'height':76.3959999999999723740984336473047733306884765625},'focalPoint':{'x':0.5,'y':0.5}}\"><img decoding=\"async\" src=\"data:image\/gif;base64,R0lGODlhAQABAIAAAAAAAP\/\/\/yH5BAEAAAAALAAAAAABAAEAAAIBRAA7\" data-depicter-src=\"https:\/\/somosarea.com.ar\/wp-content\/uploads\/2023\/10\/Recurso-5-1.svg\" alt=\"\" \/>\n<\/picture>\n<picture data-animation-in=\"{'easing':'easeOutExpo','type':'moveAndTransform','params':{'direction':'left','easing':'easeOutQuart','duration':2500,'movement':0,'rotate':0,'delay':150,'rotate3d':{'x':0,'y':90},'transformOrigin':{'x':'center','y':'center','z':0},'skew':{'x':0}},'rotate3d':{'x':90},'movement':{'value':0,'unit':'px'},'duration':2500}\" id=\"depicter-1-element-20\" class=\"depicter-element depicter-layer depicter-1-element-20\" data-type=\"image\" data-wrap=\"true\" data-name=\"Image 11\" data-offset=\"x:475px;y:193px;origin:tl\" data-tablet-offset=\"x:421px;y:262px;origin:tl\" data-mobile-offset=\"x:24px;y:346px;origin:tl\" data-actions=\"[['openURL','click',0,{'path':'http:\\\/\\\/somosarea.com.ar\\\/index.php\\\/amoblamientos\\\/','target':'_blank'}]]\" data-width=\"313px,313px,313px\" data-height=\"78px,78px,78px\" data-responsive-scale=\"true,,\" data-crop=\"{'mediaSize':{'width':315.77419354838701792687061242759227752685546875,'height':78},'focalPoint':{'x':0.5,'y':0.5}}\"><img decoding=\"async\" src=\"data:image\/gif;base64,R0lGODlhAQABAIAAAAAAAP\/\/\/yH5BAEAAAAALAAAAAABAAEAAAIBRAA7\" data-depicter-src=\"https:\/\/somosarea.com.ar\/wp-content\/uploads\/2023\/10\/Recurso-6-1.svg\" alt=\"\" \/>\n<\/picture>\n<picture data-animation-in=\"{'easing':'easeOutExpo','type':'moveAndTransform','params':{'direction':'left','easing':'easeOutQuart','duration':2500,'movement':0,'rotate':0,'delay':150,'rotate3d':{'x':0,'y':90},'transformOrigin':{'x':'center','y':'center','z':0},'skew':{'x':0}},'rotate3d':{'x':90},'movement':{'value':0,'unit':'px'},'duration':2500}\" id=\"depicter-1-element-21\" class=\"depicter-element depicter-layer depicter-1-element-21\" data-type=\"image\" data-wrap=\"true\" data-name=\"Image 12\" data-offset=\"x:880px;y:194px;origin:tl\" data-tablet-offset=\"x:777px;y:263px;origin:tl\" data-mobile-offset=\"x:77px;y:477px;origin:tl\" data-actions=\"[['openURL','click',0,{'path':'http:\\\/\\\/somosarea.com.ar\\\/index.php\\\/proyectos\\\/','target':'_blank'}]]\" data-width=\"205px,205px,205px\" data-height=\"77px,77px,77px\" data-responsive-scale=\"true,,\" data-crop=\"{'mediaSize':{'width':205,'height':78.720000000000027284841053187847137451171875},'focalPoint':{'x':0.5,'y':0.5}}\"><img decoding=\"async\" src=\"data:image\/gif;base64,R0lGODlhAQABAIAAAAAAAP\/\/\/yH5BAEAAAAALAAAAAABAAEAAAIBRAA7\" data-depicter-src=\"https:\/\/somosarea.com.ar\/wp-content\/uploads\/2023\/10\/Recurso-7.svg\" alt=\"\" \/>\n<\/picture><\/div>\n<\/div>\n<script>\n(window.depicterSetups = window.depicterSetups || []).push(function(){\n\tvar slider = Depicter.setup('.depicter-1',\n\t\t{\"width\":[\"1200\",\"1024\",\"360\"],\"height\":[\"700\",\"700\",\"740\"],\"keepAspectRatio\":true,\"preload\":0,\"layout\":\"fullwidth\",\"rtl\":false,\"view\":\"basic\",\"mouseSwipe\":true,\"touchSwipe\":true}\n\t);\n});\n<\/script>[\/et_pb_code][\/et_pb_column][\/et_pb_row][\/et_pb_section][et_pb_section fb_built=&#8221;1&#8243; _builder_version=&#8221;4.19.5&#8243; _module_preset=&#8221;default&#8221; background_color=&#8221;#000000&#8243; global_colors_info=&#8221;{}&#8221;][et_pb_row _builder_version=&#8221;4.19.5&#8243; _module_preset=&#8221;default&#8221; global_colors_info=&#8221;{}&#8221;][et_pb_column type=&#8221;4_4&#8243; _builder_version=&#8221;4.19.5&#8243; _module_preset=&#8221;default&#8221; global_colors_info=&#8221;{}&#8221;][et_pb_text _builder_version=&#8221;4.19.5&#8243; _module_preset=&#8221;default&#8221; text_font=&#8221;Raleway|200|||||||&#8221; text_font_size=&#8221;24px&#8221; text_line_height=&#8221;1.4em&#8221; global_colors_info=&#8221;{}&#8221;]<\/p>\n<p style=\"text-align: center;\">Con m\u00e1s de 27 a\u00f1os de experiencia, Somos Area es una firma familiar dedicada al dise\u00f1o a medida de espacios funcionales y apasionada por la construcci\u00f3n. Nos enorgullecemos de crear proyectos \u00fanicos que reflejan la visi\u00f3n de nuestros clientes acompa\u00f1amos en todo el proceso con una atenci\u00f3n personalizada y promovemos un enfoque sostenible en cada etapa del proyecto. Somos tu socio de confianza para transformar tus ideas en realidades arquitect\u00f3nicas inspiradoras.<\/p>\n<p>[\/et_pb_text][\/et_pb_column][\/et_pb_row][\/et_pb_section]<\/p>\n","protected":false},"excerpt":{"rendered":"<p><style id=\"depicter-1-inline-pre-css\">\n\n.depicter-1:not(.depicter-ready){\n\theight:700px;\n}\n\n\/***** Tablet *****\/\n@media screen and (max-width: 1024px){\n\n.depicter-1:not(.depicter-ready){\n\theight:700px;\n}\n\n}\n\/***** Mobile *****\/\n@media screen and (max-width: 767px){\n\n.depicter-1:not(.depicter-ready){\n\theight:740px;\n}\n\n}\n<\/style>\n<div id=\"depicter-1\" class=\"depicter depicter-document depicter-revert depicter-1 depicter-layout-fullwidth\">\n\n<div class=\"depicter-loading-container depicter-loading dotStraightSwing-dark\"><div class=\"depicter-loading-dark depicter-dot-straight-swing\">\n   <span><\/span>\n   <span><\/span>\n   <span><\/span>\n<\/div><\/div>\n<div id=\"depicter-1-section-1\" class=\"depicter-section depicter-1-section-1\" data-name=\"Slide 1\">\n<video class=\"depicter-bg-video\" src=\"https:\/\/somosarea.com.ar\/wp-content\/uploads\/2024\/04\/para-web-area.mp4\" preload=\"metadata\" playsinline=\"true\" muted=\"true\" loop=\"true\" data-object-fit=\"cover,,\"><\/video>\n\n\n<picture data-animation-in=\"{'direction':'bottom','easing':'easeOutQuart','duration':1800,'movement':{'value':100,'unit':'%'},'fade':false,'type':'mask'}\" data-mobile-animation-in=\"{'direction':'bottom','easing':'easeOutQuart','duration':1800,'movement':{'value':100,'unit':'%'},'fade':false,'type':'mask'}\" id=\"depicter-1-element-5\" class=\"depicter-element depicter-layer depicter-1-element-5\" data-type=\"image\" data-wrap=\"true\" data-name=\"Image 2\" data-offset=\"x:115px;y:528px;origin:tl\" data-tablet-offset=\"x:93px;y:578px;origin:tl\" data-mobile-offset=\"x:-8px;y:45px;origin:tl\" data-width=\"1247px,1014px,429px\" data-height=\"183px,122px,62px\" data-responsive-scale=\"true,,\" data-crop=\"{'mediaSize':{'width':1247,'height':183.09126984126993420431972481310367584228515625},'focalPoint':{'x':0.5,'y':0.5}}\" data-tablet-crop=\"{'mediaSize':{'width':1015,'height':149.027777777778084100646083243191242218017578125},'focalPoint':{'x':0.5,'y':0.5}}\" data-mobile-crop=\"{'mediaSize':{'width':432.03174603174608137123868800699710845947265625,'height':63.43323255228023072049836628139019012451171875},'focalPoint':{'x':0.5,'y':0.5}}\"><img decoding=\"async\" src=\"data:image\/gif;base64,R0lGODlhAQABAIAAAAAAAP\/\/\/yH5BAEAAAAALAAAAAABAAEAAAIBRAA7\" data-depicter-src=\"https:\/\/somosarea.com.ar\/wp-content\/uploads\/2023\/10\/AREA-amoblamientos.svg\" alt=\"\" \/>\n<\/picture>\n<picture data-animation-in=\"{'type':'moveAndTransform','params':{'direction':'left','easing':'easeOutQuart','duration':2500,'movement':0,'rotate':0,'delay':150,'rotate3d':{'x':0,'y':90},'transformOrigin':{'x':'center','y':'center','z':0},'skew':{'x':0}},'easing':'easeOutExpo','rotate3d':{'x':90},'movement':{'value':0,'unit':'px'},'duration':2500}\" data-tablet-animation-in=\"{'type':'moveAndTransform','params':{'direction':'left','easing':'easeOutQuart','duration':2500,'movement':0,'rotate':0,'delay':150,'rotate3d':{'x':0,'y':90},'transformOrigin':{'x':'center','y':'center','z':0},'skew':{'x':0}},'easing':'easeOutExpo','rotate3d':{'x':90},'movement':{'value':0,'unit':'px'},'duration':2500}\" data-mobile-animation-in=\"{'type':'moveAndTransform','params':{'direction':'left','easing':'easeOutQuart','duration':2500,'movement':0,'rotate':0,'delay':150,'rotate3d':{'x':0,'y':90},'transformOrigin':{'x':'center','y':'center','z':0},'skew':{'x':0}},'easing':'easeOutExpo','rotate3d':{'x':90},'movement':{'value':0,'unit':'px'},'duration':2500}\" id=\"depicter-1-element-19\" class=\"depicter-element depicter-layer depicter-1-element-19\" data-type=\"image\" data-wrap=\"true\" data-name=\"Image 10\" data-offset=\"x:114px;y:194px;origin:tl\" data-tablet-offset=\"x:109px;y:263px;origin:tl\" data-mobile-offset=\"x:45px;y:218px;origin:tl\" data-actions=\"[['openURL','click',0,{'path':'http:\\\/\\\/somosarea.com.ar\\\/index.php\\\/construccion\\\/','target':'_blank'}]]\" data-width=\"269px,269px,269px\" data-height=\"75px,75px,75px\" data-responsive-scale=\"true,,\" data-crop=\"{'mediaSize':{'width':269,'height':76.3959999999999723740984336473047733306884765625},'focalPoint':{'x':0.5,'y':0.5}}\"><img decoding=\"async\" src=\"data:image\/gif;base64,R0lGODlhAQABAIAAAAAAAP\/\/\/yH5BAEAAAAALAAAAAABAAEAAAIBRAA7\" data-depicter-src=\"https:\/\/somosarea.com.ar\/wp-content\/uploads\/2023\/10\/Recurso-5-1.svg\" alt=\"\" \/>\n<\/picture>\n<picture data-animation-in=\"{'easing':'easeOutExpo','type':'moveAndTransform','params':{'direction':'left','easing':'easeOutQuart','duration':2500,'movement':0,'rotate':0,'delay':150,'rotate3d':{'x':0,'y':90},'transformOrigin':{'x':'center','y':'center','z':0},'skew':{'x':0}},'rotate3d':{'x':90},'movement':{'value':0,'unit':'px'},'duration':2500}\" id=\"depicter-1-element-20\" class=\"depicter-element depicter-layer depicter-1-element-20\" data-type=\"image\" data-wrap=\"true\" data-name=\"Image 11\" data-offset=\"x:475px;y:193px;origin:tl\" data-tablet-offset=\"x:421px;y:262px;origin:tl\" data-mobile-offset=\"x:24px;y:346px;origin:tl\" data-actions=\"[['openURL','click',0,{'path':'http:\\\/\\\/somosarea.com.ar\\\/index.php\\\/amoblamientos\\\/','target':'_blank'}]]\" data-width=\"313px,313px,313px\" data-height=\"78px,78px,78px\" data-responsive-scale=\"true,,\" data-crop=\"{'mediaSize':{'width':315.77419354838701792687061242759227752685546875,'height':78},'focalPoint':{'x':0.5,'y':0.5}}\"><img decoding=\"async\" src=\"data:image\/gif;base64,R0lGODlhAQABAIAAAAAAAP\/\/\/yH5BAEAAAAALAAAAAABAAEAAAIBRAA7\" data-depicter-src=\"https:\/\/somosarea.com.ar\/wp-content\/uploads\/2023\/10\/Recurso-6-1.svg\" alt=\"\" \/>\n<\/picture>\n<picture data-animation-in=\"{'easing':'easeOutExpo','type':'moveAndTransform','params':{'direction':'left','easing':'easeOutQuart','duration':2500,'movement':0,'rotate':0,'delay':150,'rotate3d':{'x':0,'y':90},'transformOrigin':{'x':'center','y':'center','z':0},'skew':{'x':0}},'rotate3d':{'x':90},'movement':{'value':0,'unit':'px'},'duration':2500}\" id=\"depicter-1-element-21\" class=\"depicter-element depicter-layer depicter-1-element-21\" data-type=\"image\" data-wrap=\"true\" data-name=\"Image 12\" data-offset=\"x:880px;y:194px;origin:tl\" data-tablet-offset=\"x:777px;y:263px;origin:tl\" data-mobile-offset=\"x:77px;y:477px;origin:tl\" data-actions=\"[['openURL','click',0,{'path':'http:\\\/\\\/somosarea.com.ar\\\/index.php\\\/proyectos\\\/','target':'_blank'}]]\" data-width=\"205px,205px,205px\" data-height=\"77px,77px,77px\" data-responsive-scale=\"true,,\" data-crop=\"{'mediaSize':{'width':205,'height':78.720000000000027284841053187847137451171875},'focalPoint':{'x':0.5,'y':0.5}}\"><img decoding=\"async\" src=\"data:image\/gif;base64,R0lGODlhAQABAIAAAAAAAP\/\/\/yH5BAEAAAAALAAAAAABAAEAAAIBRAA7\" data-depicter-src=\"https:\/\/somosarea.com.ar\/wp-content\/uploads\/2023\/10\/Recurso-7.svg\" alt=\"\" \/>\n<\/picture><\/div>\n<\/div>\n<script>\n(window.depicterSetups = window.depicterSetups || []).push(function(){\n\tvar slider = Depicter.setup('.depicter-1',\n\t\t{\"width\":[\"1200\",\"1024\",\"360\"],\"height\":[\"700\",\"700\",\"740\"],\"keepAspectRatio\":true,\"preload\":0,\"layout\":\"fullwidth\",\"rtl\":false,\"view\":\"basic\",\"mouseSwipe\":true,\"touchSwipe\":true}\n\t);\n});\n<\/script>Con m\u00e1s de 27 a\u00f1os de experiencia, Somos Area es una firma familiar dedicada al dise\u00f1o a medida de espacios funcionales y apasionada por la construcci\u00f3n. Nos enorgullecemos de crear proyectos \u00fanicos que reflejan la visi\u00f3n de nuestros clientes acompa\u00f1amos en todo el proceso con una atenci\u00f3n personalizada y promovemos un enfoque sostenible en [&hellip;]<\/p>\n","protected":false},"author":2,"featured_media":0,"parent":0,"menu_order":0,"comment_status":"closed","ping_status":"closed","template":"","meta":{"_et_pb_use_builder":"on","_et_pb_old_content":"","_et_gb_content_width":"","_joinchat":[],"footnotes":""},"class_list":["post-61","page","type-page","status-publish","hentry"],"_links":{"self":[{"href":"https:\/\/somosarea.com.ar\/index.php\/wp-json\/wp\/v2\/pages\/61","targetHints":{"allow":["GET"]}}],"collection":[{"href":"https:\/\/somosarea.com.ar\/index.php\/wp-json\/wp\/v2\/pages"}],"about":[{"href":"https:\/\/somosarea.com.ar\/index.php\/wp-json\/wp\/v2\/types\/page"}],"author":[{"embeddable":true,"href":"https:\/\/somosarea.com.ar\/index.php\/wp-json\/wp\/v2\/users\/2"}],"replies":[{"embeddable":true,"href":"https:\/\/somosarea.com.ar\/index.php\/wp-json\/wp\/v2\/comments?post=61"}],"version-history":[{"count":16,"href":"https:\/\/somosarea.com.ar\/index.php\/wp-json\/wp\/v2\/pages\/61\/revisions"}],"predecessor-version":[{"id":325,"href":"https:\/\/somosarea.com.ar\/index.php\/wp-json\/wp\/v2\/pages\/61\/revisions\/325"}],"wp:attachment":[{"href":"https:\/\/somosarea.com.ar\/index.php\/wp-json\/wp\/v2\/media?parent=61"}],"curies":[{"name":"wp","href":"https:\/\/api.w.org\/{rel}","templated":true}]}}